{"id":295,"date":"2021-07-21T18:38:10","date_gmt":"2021-07-21T16:38:10","guid":{"rendered":"http:\/\/www.naturellement-gourmand.com\/?page_id=295"},"modified":"2022-02-06T16:45:03","modified_gmt":"2022-02-06T15:45:03","slug":"gateaux","status":"publish","type":"page","link":"https:\/\/www.naturellement-gourmand.com\/?page_id=295","title":{"rendered":"G\u00e2teaux"},"content":{"rendered":"\n<h2 class=\"wp-block-heading\" id=\"informations-importantes-avant-de-commander\">Informations importantes avant de commander : <\/h2>\n\n\n\n<p>Les g\u00e2teaux ne sont <strong>pas <\/strong>disponibles en livraison ou envoi, <span style=\"text-decoration: underline;\">seulement en retrait<\/span> \u00e0 l&#8217;adresse suivante : 3 rue de l&#8217;Aunaie, 77940 Flagy (sud Seine-et-Marne). <\/p>\n\n\n\n<p>Pensez \u00e0 commander vos g\u00e2teaux en avance. Plus vous commandez t\u00f4t, plus il y a de chances que votre commande soit valid\u00e9e !<\/p>\n\n\n\n<h2 class=\"wp-block-heading\" id=\"comment-commander\">Comment commander ? <\/h2>\n\n\n\n<p>\u00c9tape 1 : Regardez l&#8217;offre de g\u00e2teaux ci-dessous. (Si ce que vous souhaitez n&#8217;est pas pr\u00e9sent sur le site, vous pouvez tout de m\u00eame me contacter et nous verrons ensemble ce qui est possible. Pensez \u00e0 commander encore plus t\u00f4t !)<\/p>\n\n\n\n<p>\u00c9tape 2 : <span style=\"text-decoration: underline;\">Au minimum une semaine<\/span> avant la date de retrait voulue, envoyez-moi un mail \u00e0 <strong><span style=\"text-decoration: underline;\">nature.gourmand@gmail.com<\/span><\/strong> contenant vos nom et pr\u00e9nom, num\u00e9ro de t\u00e9l\u00e9phone, le g\u00e2teau souhait\u00e9 (avec le ou les parfums), le nombre de parts, la date de retrait voulue, ainsi que votre m\u00e9thode de paiement et toute allergie. Vous pouvez copier-coller le mail de commande suivant : <\/p>\n\n\n\n<blockquote class=\"wp-block-quote is-layout-flow wp-block-quote-is-layout-flow\"><p>Bonjour, j&#8217;aimerais commander un g\u00e2teau.<br>Nom :<br>Pr\u00e9nom :<br>T\u00e9l\u00e9phone :<br>G\u00e2teau souhait\u00e9 :<br>Parfum du g\u00e2teau : (traditionnel ou autre chose ?)<br>Nombre de parts :<br>Date de retrait souhait\u00e9e :<br>Allergies :<br>Paiement : Paypal ? Stripe ? Virement ? Esp\u00e8ces sur place ?<br>Autre information : <br>Je vous remercie. Cordialement<\/p><cite>(E-mail de commande possible)<\/cite><\/blockquote>\n\n\n\n<p class=\"text_justify\"><span style=\"text-decoration: underline;\">\u00c9tape 3<\/span> : Une fois votre e-mail trait\u00e9, je vous enverrai un devis. Vous pourrez payer via internet (Paypal, Stripe, virement) ou en esp\u00e8ces sur place. Si vous comptez payer en esp\u00e8ces, merci de pr\u00e9voir l&#8217;appoint. <\/p>\n\n\n\n<p>Ci-dessous la liste des g\u00e2teaux que je propose : <\/p>\n\n\n\n<figure class=\"wp-block-gallery has-nested-images columns-4 is-cropped wp-block-gallery-1 is-layout-flex wp-block-gallery-is-layout-flex\">\n<figure class=\"wp-block-image size-large\"><img loading=\"lazy\" decoding=\"async\" width=\"571\" height=\"438\" data-id=\"465\" src=\"https:\/\/www.naturellement-gourmand.com\/wp-content\/uploads\/2021\/08\/IMG_1311-1.jpg\" alt=\"\" class=\"wp-image-465\" srcset=\"https:\/\/www.naturellement-gourmand.com\/wp-content\/uploads\/2021\/08\/IMG_1311-1.jpg 571w, https:\/\/www.naturellement-gourmand.com\/wp-content\/uploads\/2021\/08\/IMG_1311-1-300x230.jpg 300w\" sizes=\"auto, (max-width: 571px) 100vw, 571px\" \/><figcaption><strong>Paris Brest<\/strong><\/figcaption><\/figure>\n\n\n\n<figure class=\"wp-block-image size-large\"><img loading=\"lazy\" decoding=\"async\" width=\"476\" height=\"478\" data-id=\"466\" src=\"https:\/\/www.naturellement-gourmand.com\/wp-content\/uploads\/2021\/08\/IMG_0713.jpg\" alt=\"\" class=\"wp-image-466\" srcset=\"https:\/\/www.naturellement-gourmand.com\/wp-content\/uploads\/2021\/08\/IMG_0713.jpg 476w, https:\/\/www.naturellement-gourmand.com\/wp-content\/uploads\/2021\/08\/IMG_0713-300x300.jpg 300w, https:\/\/www.naturellement-gourmand.com\/wp-content\/uploads\/2021\/08\/IMG_0713-150x150.jpg 150w\" sizes=\"auto, (max-width: 476px) 100vw, 476px\" \/><figcaption><strong>Tarte aux pommes<\/strong><\/figcaption><\/figure>\n\n\n\n<figure class=\"wp-block-image size-large\"><img loading=\"lazy\" decoding=\"async\" width=\"476\" height=\"472\" data-id=\"467\" src=\"https:\/\/www.naturellement-gourmand.com\/wp-content\/uploads\/2021\/08\/IMG_0907.jpg\" alt=\"\" class=\"wp-image-467\" srcset=\"https:\/\/www.naturellement-gourmand.com\/wp-content\/uploads\/2021\/08\/IMG_0907.jpg 476w, https:\/\/www.naturellement-gourmand.com\/wp-content\/uploads\/2021\/08\/IMG_0907-300x297.jpg 300w, https:\/\/www.naturellement-gourmand.com\/wp-content\/uploads\/2021\/08\/IMG_0907-150x150.jpg 150w\" sizes=\"auto, (max-width: 476px) 100vw, 476px\" \/><figcaption><strong>Tarte normande<\/strong><\/figcaption><\/figure>\n\n\n\n<figure class=\"wp-block-image size-large\"><img loading=\"lazy\" decoding=\"async\" width=\"464\" height=\"445\" data-id=\"468\" src=\"https:\/\/www.naturellement-gourmand.com\/wp-content\/uploads\/2021\/08\/IMG_2108.jpg\" alt=\"\" class=\"wp-image-468\" srcset=\"https:\/\/www.naturellement-gourmand.com\/wp-content\/uploads\/2021\/08\/IMG_2108.jpg 464w, https:\/\/www.naturellement-gourmand.com\/wp-content\/uploads\/2021\/08\/IMG_2108-300x288.jpg 300w\" sizes=\"auto, (max-width: 464px) 100vw, 464px\" \/><figcaption><strong>Tarte amandine poire<\/strong><\/figcaption><\/figure>\n\n\n\n<figure class=\"wp-block-image size-large\"><img loading=\"lazy\" decoding=\"async\" width=\"1015\" height=\"1024\" data-id=\"471\" src=\"https:\/\/www.naturellement-gourmand.com\/wp-content\/uploads\/2021\/08\/IMG_7196-1015x1024.jpg\" alt=\"\" class=\"wp-image-471\" srcset=\"https:\/\/www.naturellement-gourmand.com\/wp-content\/uploads\/2021\/08\/IMG_7196-1015x1024.jpg 1015w, https:\/\/www.naturellement-gourmand.com\/wp-content\/uploads\/2021\/08\/IMG_7196-297x300.jpg 297w, https:\/\/www.naturellement-gourmand.com\/wp-content\/uploads\/2021\/08\/IMG_7196-150x150.jpg 150w, https:\/\/www.naturellement-gourmand.com\/wp-content\/uploads\/2021\/08\/IMG_7196-768x774.jpg 768w, https:\/\/www.naturellement-gourmand.com\/wp-content\/uploads\/2021\/08\/IMG_7196-1523x1536.jpg 1523w, https:\/\/www.naturellement-gourmand.com\/wp-content\/uploads\/2021\/08\/IMG_7196-2031x2048.jpg 2031w\" sizes=\"auto, (max-width: 1015px) 100vw, 1015px\" \/><figcaption>Tarte citron m\u00e9ringu\u00e9e<\/figcaption><\/figure>\n\n\n\n<figure class=\"wp-block-image size-large\"><img loading=\"lazy\" decoding=\"async\" width=\"621\" height=\"441\" data-id=\"476\" src=\"https:\/\/www.naturellement-gourmand.com\/wp-content\/uploads\/2021\/08\/IMG_1871.jpg\" alt=\"\" class=\"wp-image-476\" srcset=\"https:\/\/www.naturellement-gourmand.com\/wp-content\/uploads\/2021\/08\/IMG_1871.jpg 621w, https:\/\/www.naturellement-gourmand.com\/wp-content\/uploads\/2021\/08\/IMG_1871-300x213.jpg 300w\" sizes=\"auto, (max-width: 621px) 100vw, 621px\" \/><figcaption><strong>Tarte au citron<\/strong><\/figcaption><\/figure>\n\n\n\n<figure class=\"wp-block-image size-large\"><img loading=\"lazy\" decoding=\"async\" width=\"547\" height=\"457\" data-id=\"473\" src=\"https:\/\/www.naturellement-gourmand.com\/wp-content\/uploads\/2021\/08\/IMG_1245.jpg\" alt=\"\" class=\"wp-image-473\" srcset=\"https:\/\/www.naturellement-gourmand.com\/wp-content\/uploads\/2021\/08\/IMG_1245.jpg 547w, https:\/\/www.naturellement-gourmand.com\/wp-content\/uploads\/2021\/08\/IMG_1245-300x251.jpg 300w\" sizes=\"auto, (max-width: 547px) 100vw, 547px\" \/><figcaption><strong>Entremet Vanille Poire<\/strong><\/figcaption><\/figure>\n\n\n\n<figure class=\"wp-block-image size-large\"><img loading=\"lazy\" decoding=\"async\" width=\"480\" height=\"523\" data-id=\"474\" src=\"https:\/\/www.naturellement-gourmand.com\/wp-content\/uploads\/2021\/08\/IMG_5622-1.jpg\" alt=\"\" class=\"wp-image-474\" srcset=\"https:\/\/www.naturellement-gourmand.com\/wp-content\/uploads\/2021\/08\/IMG_5622-1.jpg 480w, https:\/\/www.naturellement-gourmand.com\/wp-content\/uploads\/2021\/08\/IMG_5622-1-275x300.jpg 275w\" sizes=\"auto, (max-width: 480px) 100vw, 480px\" \/><figcaption><strong>Entremet Poire Chocolat<\/strong><\/figcaption><\/figure>\n\n\n\n<figure class=\"wp-block-image size-large\"><img loading=\"lazy\" decoding=\"async\" width=\"508\" height=\"472\" data-id=\"475\" src=\"https:\/\/www.naturellement-gourmand.com\/wp-content\/uploads\/2021\/08\/IMG_3535.jpg\" alt=\"\" class=\"wp-image-475\" srcset=\"https:\/\/www.naturellement-gourmand.com\/wp-content\/uploads\/2021\/08\/IMG_3535.jpg 508w, https:\/\/www.naturellement-gourmand.com\/wp-content\/uploads\/2021\/08\/IMG_3535-300x279.jpg 300w\" sizes=\"auto, (max-width: 508px) 100vw, 508px\" \/><figcaption><strong>For\u00eat noire<\/strong><\/figcaption><\/figure>\n\n\n\n<figure class=\"wp-block-image size-large\"><img loading=\"lazy\" decoding=\"async\" width=\"397\" height=\"361\" data-id=\"478\" src=\"https:\/\/www.naturellement-gourmand.com\/wp-content\/uploads\/2021\/08\/IMG_3700.jpg\" alt=\"\" class=\"wp-image-478\" srcset=\"https:\/\/www.naturellement-gourmand.com\/wp-content\/uploads\/2021\/08\/IMG_3700.jpg 397w, https:\/\/www.naturellement-gourmand.com\/wp-content\/uploads\/2021\/08\/IMG_3700-300x273.jpg 300w\" sizes=\"auto, (max-width: 397px) 100vw, 397px\" \/><figcaption><strong>Baba au rhum<\/strong><\/figcaption><\/figure>\n\n\n\n<figure class=\"wp-block-image size-large\"><img loading=\"lazy\" decoding=\"async\" width=\"1024\" height=\"855\" data-id=\"477\" src=\"https:\/\/www.naturellement-gourmand.com\/wp-content\/uploads\/2021\/08\/IMG_7474-1-1024x855.jpg\" alt=\"\" class=\"wp-image-477\" srcset=\"https:\/\/www.naturellement-gourmand.com\/wp-content\/uploads\/2021\/08\/IMG_7474-1-1024x855.jpg 1024w, https:\/\/www.naturellement-gourmand.com\/wp-content\/uploads\/2021\/08\/IMG_7474-1-300x250.jpg 300w, https:\/\/www.naturellement-gourmand.com\/wp-content\/uploads\/2021\/08\/IMG_7474-1-768x641.jpg 768w, https:\/\/www.naturellement-gourmand.com\/wp-content\/uploads\/2021\/08\/IMG_7474-1-1536x1283.jpg 1536w, https:\/\/www.naturellement-gourmand.com\/wp-content\/uploads\/2021\/08\/IMG_7474-1-2048x1710.jpg 2048w\" sizes=\"auto, (max-width: 1024px) 100vw, 1024px\" \/><figcaption><strong>Fraisier<\/strong><\/figcaption><\/figure>\n\n\n\n<figure class=\"wp-block-image size-large\"><img loading=\"lazy\" decoding=\"async\" width=\"593\" height=\"480\" data-id=\"472\" src=\"https:\/\/www.naturellement-gourmand.com\/wp-content\/uploads\/2021\/08\/IMG_2859.jpg\" alt=\"\" class=\"wp-image-472\" srcset=\"https:\/\/www.naturellement-gourmand.com\/wp-content\/uploads\/2021\/08\/IMG_2859.jpg 593w, https:\/\/www.naturellement-gourmand.com\/wp-content\/uploads\/2021\/08\/IMG_2859-300x243.jpg 300w\" sizes=\"auto, (max-width: 593px) 100vw, 593px\" \/><figcaption><strong>Tarte aux fraises<\/strong><\/figcaption><\/figure>\n<\/figure>\n\n\n\n<h3 class=\"wp-block-heading\" id=\"details-des-gateaux\">D\u00e9tails des g\u00e2teaux :<\/h3>\n\n\n\n<p>&#8211; Paris Brest : p\u00e2te \u00e0 choux, cr\u00e8me au pralin\u00e9 et amandes torr\u00e9fi\u00e9es.<\/p>\n\n\n\n<p>-Tarte aux pommes : p\u00e2te sabl\u00e9e, compote de pommes et pommes.<\/p>\n\n\n\n<p>-Tarte normande : p\u00e2te sabl\u00e9e, cr\u00e8me normande, pommes.<\/p>\n\n\n\n<p>-Tarte amandine poire : tarte sabl\u00e9e, cr\u00e8me d&#8217;amandes, poires, amandes effil\u00e9es et torr\u00e9fi\u00e9es. (Autre option : cr\u00e8me d&#8217;amandes au chocolat)<\/p>\n\n\n\n<p>-Tarte citron meringu\u00e9e : p\u00e2te sabl\u00e9e, cr\u00e8me de citron, meringue italienne.<\/p>\n\n\n\n<p>-Tarte citron : p\u00e2te sabl\u00e9e, cr\u00e8me de citron.<\/p>\n\n\n\n<p>-Entremet vanille poire : biscuit cuill\u00e8re, mousse bavaroise \u00e0 la vanille, poires.<\/p>\n\n\n\n<p>-Entremet poire chocolat : biscuit cuill\u00e8re, mousse bavaroise au chocolat, poires.<\/p>\n\n\n\n<p>-For\u00eat noire : g\u00e9noise au chocolat, chantilly, cerise. (Autre option : tout au chocolat)<\/p>\n\n\n\n<p>-Baba au rhum : baba, chantilly, fruits frais de saison.<\/p>\n\n\n\n<p>-Fraisier : g\u00e9noise, cr\u00e8me mousseline, fraises fra\u00eeches, chantilly. (Disponible seulement en pleine saison.)<\/p>\n\n\n\n<p>-Tarte aux fraises : p\u00e2te sabl\u00e9e, cr\u00e8me p\u00e2tissi\u00e8re, fraises fra\u00eeches. (Disponible seulement en pleine saison, peut \u00e9galement se faire aux framboises ou multifruits.)<\/p>\n\n\n\n<div style=\"height:39px\" aria-hidden=\"true\" class=\"wp-block-spacer\"><\/div>\n\n\n\n<p class=\"text_justify\"><\/p>\n","protected":false},"excerpt":{"rendered":"<p>Informations importantes avant de commander : Les g\u00e2teaux ne sont pas disponibles en livraison ou envoi, seulement en retrait \u00e0&hellip;<\/p>\n<p> <a class=\"more-link\" href=\"https:\/\/www.naturellement-gourmand.com\/?page_id=295\">Read more<\/a><\/p>\n","protected":false},"author":1,"featured_media":0,"parent":0,"menu_order":3,"comment_status":"open","ping_status":"closed","template":"","meta":{"footnotes":""},"class_list":["post-295","page","type-page","status-publish"],"_links":{"self":[{"href":"https:\/\/www.naturellement-gourmand.com\/index.php?rest_route=\/wp\/v2\/pages\/295","targetHints":{"allow":["GET"]}}],"collection":[{"href":"https:\/\/www.naturellement-gourmand.com\/index.php?rest_route=\/wp\/v2\/pages"}],"about":[{"href":"https:\/\/www.naturellement-gourmand.com\/index.php?rest_route=\/wp\/v2\/types\/page"}],"author":[{"embeddable":true,"href":"https:\/\/www.naturellement-gourmand.com\/index.php?rest_route=\/wp\/v2\/users\/1"}],"replies":[{"embeddable":true,"href":"https:\/\/www.naturellement-gourmand.com\/index.php?rest_route=%2Fwp%2Fv2%2Fcomments&post=295"}],"version-history":[{"count":18,"href":"https:\/\/www.naturellement-gourmand.com\/index.php?rest_route=\/wp\/v2\/pages\/295\/revisions"}],"predecessor-version":[{"id":727,"href":"https:\/\/www.naturellement-gourmand.com\/index.php?rest_route=\/wp\/v2\/pages\/295\/revisions\/727"}],"wp:attachment":[{"href":"https:\/\/www.naturellement-gourmand.com\/index.php?rest_route=%2Fwp%2Fv2%2Fmedia&parent=295"}],"curies":[{"name":"wp","href":"https:\/\/api.w.org\/{rel}","templated":true}]}}