{"id":6,"date":"2021-03-21T09:46:40","date_gmt":"2021-03-21T08:46:40","guid":{"rendered":"https:\/\/naturellementgourmands.wordpress.com\/?page_id=6"},"modified":"2023-01-19T17:45:11","modified_gmt":"2023-01-19T16:45:11","slug":"home","status":"publish","type":"page","link":"https:\/\/www.naturellement-gourmand.com\/","title":{"rendered":"Accueil"},"content":{"rendered":"\n<div class=\"wp-block-columns is-layout-flex wp-container-core-columns-is-layout-1 wp-block-columns-is-layout-flex\">\n<div class=\"wp-block-column is-vertically-aligned-center is-layout-flow wp-block-column-is-layout-flow\" style=\"flex-basis:33.33%\"><div class=\"wp-block-image\">\n<figure class=\"alignright size-large is-resized\"><img loading=\"lazy\" decoding=\"async\" src=\"https:\/\/www.naturellement-gourmand.com\/wp-content\/uploads\/2021\/05\/img_72621-683x1024.jpg\" alt=\"\" class=\"wp-image-207\" width=\"252\" height=\"377\" srcset=\"https:\/\/www.naturellement-gourmand.com\/wp-content\/uploads\/2021\/05\/img_72621-683x1024.jpg 683w, https:\/\/www.naturellement-gourmand.com\/wp-content\/uploads\/2021\/05\/img_72621-200x300.jpg 200w, https:\/\/www.naturellement-gourmand.com\/wp-content\/uploads\/2021\/05\/img_72621-768x1152.jpg 768w, https:\/\/www.naturellement-gourmand.com\/wp-content\/uploads\/2021\/05\/img_72621-1024x1536.jpg 1024w, https:\/\/www.naturellement-gourmand.com\/wp-content\/uploads\/2021\/05\/img_72621-1365x2048.jpg 1365w, https:\/\/www.naturellement-gourmand.com\/wp-content\/uploads\/2021\/05\/img_72621-1200x1800.jpg 1200w, https:\/\/www.naturellement-gourmand.com\/wp-content\/uploads\/2021\/05\/img_72621-1980x2970.jpg 1980w, https:\/\/www.naturellement-gourmand.com\/wp-content\/uploads\/2021\/05\/img_72621-scaled.jpg 1707w\" sizes=\"auto, (max-width: 252px) 100vw, 252px\" \/><\/figure><\/div><\/div>\n\n\n\n<div class=\"wp-block-column is-vertically-aligned-center text_justify is-layout-flow wp-block-column-is-layout-flow\" style=\"flex-basis:66.66%\">\n<p class=\"text_justify\">Bonjour \u00e0 toutes et tous ! Je m\u2019appelle <strong>No\u00e9mie Ardhuise<\/strong> et je suis la personne qui confectionne tous les articles pr\u00e9sents sur ce site. <\/p>\n\n\n\n<p class=\"text_justify\"><strong>Toutes les recettes ont \u00e9t\u00e9 r\u00e9alis\u00e9es par mes soins, avec un maximum d&#8217;ingr\u00e9dients locaux<\/strong>. Pour en apprendre plus sur moi, ma formation et mes convictions, je vous invite \u00e0 aller lire la page &#8220;<a href=\"https:\/\/www.naturellement-gourmand.com\/?page_id=9\" data-type=\"URL\" data-id=\"https:\/\/www.naturellement-gourmand.com\/?page_id=9\" target=\"_blank\" rel=\"noreferrer noopener\">qui suis-je ?<\/a>&#8221; .<\/p>\n\n\n\n<p class=\"text_justify\"><strong>Parmi mes produits, je propose notamment des biscuits <\/strong>vendus en sachet, disponibles en retrait ou par envoi postal. Vous pouvez \u00e9galement vous <strong>abonner <\/strong>afin de recevoir tous les mois deux sachets de biscuits ! Je propose aussi des <strong>g\u00e2teaux grands et petits<\/strong> \u00e0 emporter. <\/p>\n\n\n\n<p><\/p>\n\n\n\n<p class=\"text_justify\">Je vous invite \u00e0 aller sur les pages &#8220;<a rel=\"noreferrer noopener\" href=\"https:\/\/www.naturellement-gourmand.com\/?page_id=278\" data-type=\"URL\" data-id=\"https:\/\/www.naturellement-gourmand.com\/?page_id=278\" target=\"_blank\">biscuits<\/a>&#8221; et &#8220;<a rel=\"noreferrer noopener\" href=\"https:\/\/www.naturellement-gourmand.com\/?page_id=295\" data-type=\"URL\" data-id=\"https:\/\/www.naturellement-gourmand.com\/?page_id=295\" target=\"_blank\">g\u00e2teaux<\/a>&#8221; pour d\u00e9couvrir l&#8217;offre, et j&#8217;esp\u00e8re que cela vous donnera envie ! <\/p>\n\n\n\n<p class=\"has-black-color has-text-color\">Pour acheter des <strong>macarons :<\/strong> <a href=\"https:\/\/www.naturellement-gourmand.com\/?page_id=278#!\/Macarons\/p\/436519681\/category=0\">cliquez ici<\/a> la vente est uniquement \u00e0 emporter.<\/p>\n\n\n\n<p class=\"text_justify\">Si vous avez des questions, n&#8217;h\u00e9sitez pas \u00e0 consulter la page &#8220;<a href=\"https:\/\/www.naturellement-gourmand.com\/?page_id=8\" data-type=\"URL\" data-id=\"https:\/\/www.naturellement-gourmand.com\/?page_id=8\" target=\"_blank\" rel=\"noreferrer noopener\">FAQ<\/a>&#8221; .<\/p>\n\n\n\n<p class=\"text_justify\">Enfin, je vous invite \u00e0 me suivre sur <a rel=\"noreferrer noopener\" href=\"https:\/\/www.instagram.com\/naturellementgourmand\/\" target=\"_blank\">Instagram<\/a> et sur <a href=\"https:\/\/www.facebook.com\/nature_gourmand\" target=\"_blank\" rel=\"noreferrer noopener\">Facebook<\/a> pour ne rien rater des nouveaut\u00e9s et des annonces !<\/p>\n<\/div>\n<\/div>\n\n\n\n<div class=\"wp-block-columns is-layout-flex wp-container-core-columns-is-layout-2 wp-block-columns-is-layout-flex\">\n<div class=\"wp-block-column is-layout-flow wp-block-column-is-layout-flow\">\n<figure class=\"wp-block-image size-large\"><a href=\"https:\/\/www.naturellement-gourmand.com\/?page_id=278\"><img loading=\"lazy\" decoding=\"async\" width=\"1024\" height=\"1024\" src=\"https:\/\/www.naturellement-gourmand.com\/wp-content\/uploads\/2021\/09\/Biscuits2-1-1024x1024.jpg\" alt=\"\" class=\"wp-image-556\" srcset=\"https:\/\/www.naturellement-gourmand.com\/wp-content\/uploads\/2021\/09\/Biscuits2-1-1024x1024.jpg 1024w, https:\/\/www.naturellement-gourmand.com\/wp-content\/uploads\/2021\/09\/Biscuits2-1-300x300.jpg 300w, https:\/\/www.naturellement-gourmand.com\/wp-content\/uploads\/2021\/09\/Biscuits2-1-150x150.jpg 150w, https:\/\/www.naturellement-gourmand.com\/wp-content\/uploads\/2021\/09\/Biscuits2-1-768x767.jpg 768w, https:\/\/www.naturellement-gourmand.com\/wp-content\/uploads\/2021\/09\/Biscuits2-1-1536x1536.jpg 1536w, https:\/\/www.naturellement-gourmand.com\/wp-content\/uploads\/2021\/09\/Biscuits2-1-2048x2046.jpg 2048w\" sizes=\"auto, (max-width: 1024px) 100vw, 1024px\" \/><\/a><\/figure>\n<\/div>\n\n\n\n<div class=\"wp-block-column is-layout-flow wp-block-column-is-layout-flow\">\n<figure class=\"wp-block-image size-large\"><a href=\"https:\/\/www.naturellement-gourmand.com\/?page_id=295\"><img loading=\"lazy\" decoding=\"async\" width=\"1024\" height=\"1024\" src=\"https:\/\/www.naturellement-gourmand.com\/wp-content\/uploads\/2021\/09\/Fraisier2-1-1024x1024.jpg\" alt=\"\" class=\"wp-image-557\" srcset=\"https:\/\/www.naturellement-gourmand.com\/wp-content\/uploads\/2021\/09\/Fraisier2-1-1024x1024.jpg 1024w, https:\/\/www.naturellement-gourmand.com\/wp-content\/uploads\/2021\/09\/Fraisier2-1-300x300.jpg 300w, https:\/\/www.naturellement-gourmand.com\/wp-content\/uploads\/2021\/09\/Fraisier2-1-150x150.jpg 150w, https:\/\/www.naturellement-gourmand.com\/wp-content\/uploads\/2021\/09\/Fraisier2-1-768x768.jpg 768w, https:\/\/www.naturellement-gourmand.com\/wp-content\/uploads\/2021\/09\/Fraisier2-1-1536x1536.jpg 1536w, https:\/\/www.naturellement-gourmand.com\/wp-content\/uploads\/2021\/09\/Fraisier2-1-2048x2048.jpg 2048w\" sizes=\"auto, (max-width: 1024px) 100vw, 1024px\" \/><\/a><\/figure>\n<\/div>\n<\/div>\n","protected":false},"excerpt":{"rendered":"<p>Bonjour \u00e0 toutes et tous ! Je m\u2019appelle No\u00e9mie Ardhuise et je suis la personne qui confectionne tous les articles&hellip;<\/p>\n<p> <a class=\"more-link\" href=\"https:\/\/www.naturellement-gourmand.com\/\">Read more<\/a><\/p>\n","protected":false},"author":1,"featured_media":0,"parent":0,"menu_order":0,"comment_status":"closed","ping_status":"closed","template":"","meta":{"footnotes":""},"class_list":["post-6","page","type-page","status-publish"],"_links":{"self":[{"href":"https:\/\/www.naturellement-gourmand.com\/index.php?rest_route=\/wp\/v2\/pages\/6","targetHints":{"allow":["GET"]}}],"collection":[{"href":"https:\/\/www.naturellement-gourmand.com\/index.php?rest_route=\/wp\/v2\/pages"}],"about":[{"href":"https:\/\/www.naturellement-gourmand.com\/index.php?rest_route=\/wp\/v2\/types\/page"}],"author":[{"embeddable":true,"href":"https:\/\/www.naturellement-gourmand.com\/index.php?rest_route=\/wp\/v2\/users\/1"}],"replies":[{"embeddable":true,"href":"https:\/\/www.naturellement-gourmand.com\/index.php?rest_route=%2Fwp%2Fv2%2Fcomments&post=6"}],"version-history":[{"count":57,"href":"https:\/\/www.naturellement-gourmand.com\/index.php?rest_route=\/wp\/v2\/pages\/6\/revisions"}],"predecessor-version":[{"id":793,"href":"https:\/\/www.naturellement-gourmand.com\/index.php?rest_route=\/wp\/v2\/pages\/6\/revisions\/793"}],"wp:attachment":[{"href":"https:\/\/www.naturellement-gourmand.com\/index.php?rest_route=%2Fwp%2Fv2%2Fmedia&parent=6"}],"curies":[{"name":"wp","href":"https:\/\/api.w.org\/{rel}","templated":true}]}}