{"id":9,"date":"2021-03-21T09:46:37","date_gmt":"2021-03-21T08:46:37","guid":{"rendered":"https:\/\/naturellementgourmands.wordpress.com\/?page_id=9"},"modified":"2022-08-29T15:49:18","modified_gmt":"2022-08-29T13:49:18","slug":"about","status":"publish","type":"page","link":"https:\/\/www.naturellement-gourmand.com\/?page_id=9","title":{"rendered":"Qui suis-je ?"},"content":{"rendered":"\n<div class=\"wp-block-group alignfull\"><div class=\"wp-block-group__inner-container is-layout-flow wp-block-group-is-layout-flow\">\n<div class=\"wp-block-group\"><div class=\"wp-block-group__inner-container is-layout-flow wp-block-group-is-layout-flow\">\n<div class=\"wp-block-columns is-layout-flex wp-container-core-columns-is-layout-1 wp-block-columns-is-layout-flex\">\n<div class=\"wp-block-column is-layout-flow wp-block-column-is-layout-flow\" style=\"flex-basis:33.33%\">\n<figure class=\"wp-block-image size-large\"><img loading=\"lazy\" decoding=\"async\" width=\"683\" height=\"1024\" src=\"https:\/\/www.naturellement-gourmand.com\/wp-content\/uploads\/2021\/05\/img_72621-683x1024.jpg\" alt=\"\" class=\"wp-image-207\" srcset=\"https:\/\/www.naturellement-gourmand.com\/wp-content\/uploads\/2021\/05\/img_72621-683x1024.jpg 683w, https:\/\/www.naturellement-gourmand.com\/wp-content\/uploads\/2021\/05\/img_72621-200x300.jpg 200w, https:\/\/www.naturellement-gourmand.com\/wp-content\/uploads\/2021\/05\/img_72621-768x1152.jpg 768w, https:\/\/www.naturellement-gourmand.com\/wp-content\/uploads\/2021\/05\/img_72621-1024x1536.jpg 1024w, https:\/\/www.naturellement-gourmand.com\/wp-content\/uploads\/2021\/05\/img_72621-1365x2048.jpg 1365w, https:\/\/www.naturellement-gourmand.com\/wp-content\/uploads\/2021\/05\/img_72621-1200x1800.jpg 1200w, https:\/\/www.naturellement-gourmand.com\/wp-content\/uploads\/2021\/05\/img_72621-1980x2970.jpg 1980w, https:\/\/www.naturellement-gourmand.com\/wp-content\/uploads\/2021\/05\/img_72621-scaled.jpg 1707w\" sizes=\"auto, (max-width: 683px) 100vw, 683px\" \/><\/figure>\n\n\n\n<figure class=\"wp-block-image size-large\"><img loading=\"lazy\" decoding=\"async\" width=\"1024\" height=\"683\" src=\"https:\/\/www.naturellement-gourmand.com\/wp-content\/uploads\/2021\/08\/IMG_7673-3-1024x683.jpg\" alt=\"\" class=\"wp-image-457\" srcset=\"https:\/\/www.naturellement-gourmand.com\/wp-content\/uploads\/2021\/08\/IMG_7673-3-1024x683.jpg 1024w, https:\/\/www.naturellement-gourmand.com\/wp-content\/uploads\/2021\/08\/IMG_7673-3-300x200.jpg 300w, https:\/\/www.naturellement-gourmand.com\/wp-content\/uploads\/2021\/08\/IMG_7673-3-768x512.jpg 768w, https:\/\/www.naturellement-gourmand.com\/wp-content\/uploads\/2021\/08\/IMG_7673-3-1536x1024.jpg 1536w, https:\/\/www.naturellement-gourmand.com\/wp-content\/uploads\/2021\/08\/IMG_7673-3-2048x1365.jpg 2048w\" sizes=\"auto, (max-width: 1024px) 100vw, 1024px\" \/><\/figure>\n\n\n\n<figure class=\"wp-block-image size-large\"><img loading=\"lazy\" decoding=\"async\" width=\"1024\" height=\"775\" src=\"https:\/\/www.naturellement-gourmand.com\/wp-content\/uploads\/2021\/08\/IMG_7736-3-1024x775.jpg\" alt=\"\" class=\"wp-image-458\" srcset=\"https:\/\/www.naturellement-gourmand.com\/wp-content\/uploads\/2021\/08\/IMG_7736-3-1024x775.jpg 1024w, https:\/\/www.naturellement-gourmand.com\/wp-content\/uploads\/2021\/08\/IMG_7736-3-300x227.jpg 300w, https:\/\/www.naturellement-gourmand.com\/wp-content\/uploads\/2021\/08\/IMG_7736-3-768x582.jpg 768w, https:\/\/www.naturellement-gourmand.com\/wp-content\/uploads\/2021\/08\/IMG_7736-3-1536x1163.jpg 1536w, https:\/\/www.naturellement-gourmand.com\/wp-content\/uploads\/2021\/08\/IMG_7736-3-2048x1551.jpg 2048w\" sizes=\"auto, (max-width: 1024px) 100vw, 1024px\" \/><\/figure>\n\n\n\n<figure class=\"wp-block-image size-large is-style-default\"><img loading=\"lazy\" decoding=\"async\" width=\"1024\" height=\"683\" src=\"https:\/\/www.naturellement-gourmand.com\/wp-content\/uploads\/2021\/08\/IMG_7750-3-1024x683.jpg\" alt=\"\" class=\"wp-image-459\" srcset=\"https:\/\/www.naturellement-gourmand.com\/wp-content\/uploads\/2021\/08\/IMG_7750-3-1024x683.jpg 1024w, https:\/\/www.naturellement-gourmand.com\/wp-content\/uploads\/2021\/08\/IMG_7750-3-300x200.jpg 300w, https:\/\/www.naturellement-gourmand.com\/wp-content\/uploads\/2021\/08\/IMG_7750-3-768x512.jpg 768w, https:\/\/www.naturellement-gourmand.com\/wp-content\/uploads\/2021\/08\/IMG_7750-3-1536x1024.jpg 1536w, https:\/\/www.naturellement-gourmand.com\/wp-content\/uploads\/2021\/08\/IMG_7750-3-2048x1365.jpg 2048w\" sizes=\"auto, (max-width: 1024px) 100vw, 1024px\" \/><\/figure>\n<\/div>\n\n\n\n<div class=\"wp-block-column is-layout-flow wp-block-column-is-layout-flow\" style=\"flex-basis:66.66%\">\n<p class=\"text_justify\" style=\"font-size:18px\"><em>Bonjour \u00e0 toutes et tous ! Je m&#8217;appelle <strong>No\u00e9mie Ardhuise<\/strong> et je suis la personne qui confectionne tous les articles pr\u00e9sents sur ce site.<\/em><\/p>\n\n\n\n<p>Je vous invite \u00e0 me suivre sur <a rel=\"noreferrer noopener\" href=\"https:\/\/www.instagram.com\/naturellementgourmand\/\" target=\"_blank\">Instagram<\/a> et sur <a href=\"https:\/\/www.facebook.com\/Nature_gourmand\" target=\"_blank\" rel=\"noreferrer noopener\">Facebook<\/a> !<\/p>\n\n\n\n<h2 class=\"wp-block-heading\" id=\"quelques-mots-sur-moi\">Quelques mots sur moi<\/h2>\n\n\n\n<p class=\"text_justify\">La passion que j\u2019ai pour la p\u00e2tisserie m\u2019anime depuis toujours mais surtout depuis une quinzaine d\u2019ann\u00e9es. La premi\u00e8re raison ? Ma gourmandise ! Bien s\u00fbr, d\u2019autres raisons sont venues avec le temps : je me suis lanc\u00e9e dans cette aventure pour le plaisir de partager et pour l\u2019envie de me lancer dans l\u2019entreprenariat.<\/p>\n\n\n\n<p class=\"text_justify\">La p\u00e2tisserie est pour moi synonyme de plaisir, de gourmandise mais aussi de bonheur. C\u2019est un cadeau que l\u2019on fait \u00e0 soi, selon ses go\u00fbts d\u00e9finis ; mais \u00e9galement un cadeau que l\u2019on partage avec notre famille ou nos ami\u00b7es. C\u2019est un plaisir simple qui procure beaucoup de bonheur, un bonheur facile \u00e0 obtenir et \u00e0 diffuser.<\/p>\n\n\n\n<h2 class=\"wp-block-heading\" id=\"quelques-mots-sur-mes-produits\">Quelques mots sur mes produits<\/h2>\n\n\n\n<p class=\"text_justify\">Je cr\u00e9e des recettes en recherchant le meilleur \u00e9quilibre et cette gourmandise dont je parle tant. Mes cr\u00e9ations viennent du c\u0153ur, j\u2019y mets beaucoup de travail et de joie. C\u2019est avec grand plaisir que je souhaite vous les partager. J\u2019esp\u00e8re que mes petites gourmandises raviront vos papilles !<\/p>\n\n\n\n<p class=\"text_justify\">Je vous propose donc des biscuits en livraison, en envoi ou \u00e0 emporter, mais aussi des g\u00e2teaux \u00e0 la demande \u00e0 emporter. Ce sera avec plaisir et fiert\u00e9 que je r\u00e9aliserai vos envies, alors n\u2019h\u00e9sitez pas \u00e0 me contacter pour plus de d\u00e9tails ou si vous avez une question. N\u2019h\u00e9sitez pas non plus \u00e0 me signaler un cas d\u2019allergies ou d\u2019intol\u00e9rance, je serai ravie de voir avec vous ce que l\u2019on peut faire.<\/p>\n\n\n\n<p class=\"text_justify\"><em>Pour savoir d&#8217;o\u00f9 proviennent mes ingr\u00e9dients, allez sur la <a href=\"https:\/\/www.naturellement-gourmand.com\/?page_id=8\" data-type=\"URL\" data-id=\"https:\/\/www.naturellement-gourmand.com\/?page_id=8\" target=\"_blank\" rel=\"noreferrer noopener\">FAQ<\/a>.<\/em><\/p>\n\n\n\n<h2 class=\"wp-block-heading\" id=\"quelques-mots-sur-ma-formation\">Quelques mots sur ma formation<\/h2>\n\n\n\n<p class=\"text_justify\">J\u2019ai commenc\u00e9 ma vie \u00e9tudiante dans un tout autre domaine, puis j\u2019ai d\u00e9cid\u00e9 de me reconvertir dans la p\u00e2tisserie pour suivre ma passion. Je suis dipl\u00f4m\u00e9e d\u2019un CAP P\u00e2tisserie de l\u2019\u00e9cole EISF \u00e0 Paris depuis 2020. J\u2019essaye sans cesse de m\u2019am\u00e9liorer et de tester de nouvelles recettes, comme en t\u00e9moignent mes multiples posts sur Instagram depuis d\u00e9but 2020. J\u2019ai aussi d\u00e9j\u00e0 r\u00e9alis\u00e9 de nombreuses commandes pour mon entourage et pour la client\u00e8le locale.<\/p>\n\n\n\n<p class=\"text_justify\">J&#8217;ai \u00e9galement r\u00e9alis\u00e9 une formation hygi\u00e8ne HACCP au mois de mai 2021. Cette formation a eu pour but de certifier le respect des r\u00e8gles d\u2019hygi\u00e8ne lors de la cr\u00e9ation des produits alimentaires.<\/p>\n\n\n\n<h2 class=\"wp-block-heading\" id=\"comment-me-contacter\">Comment me contacter ?<\/h2>\n\n\n\n<p class=\"text_justify\">Vous pouvez me contacter \u00e0 <strong>nature.gourmand@gmail.com<\/strong><\/p>\n<\/div>\n<\/div>\n<\/div><\/div>\n\n\n\n<p><\/p>\n<\/div><\/div>\n","protected":false},"excerpt":{"rendered":"<p>Bonjour \u00e0 toutes et tous ! Je m&#8217;appelle No\u00e9mie Ardhuise et je suis la personne qui confectionne tous les articles&hellip;<\/p>\n<p> <a class=\"more-link\" href=\"https:\/\/www.naturellement-gourmand.com\/?page_id=9\">Read more<\/a><\/p>\n","protected":false},"author":1,"featured_media":0,"parent":0,"menu_order":1,"comment_status":"closed","ping_status":"closed","template":"","meta":{"footnotes":""},"class_list":["post-9","page","type-page","status-publish"],"_links":{"self":[{"href":"https:\/\/www.naturellement-gourmand.com\/index.php?rest_route=\/wp\/v2\/pages\/9","targetHints":{"allow":["GET"]}}],"collection":[{"href":"https:\/\/www.naturellement-gourmand.com\/index.php?rest_route=\/wp\/v2\/pages"}],"about":[{"href":"https:\/\/www.naturellement-gourmand.com\/index.php?rest_route=\/wp\/v2\/types\/page"}],"author":[{"embeddable":true,"href":"https:\/\/www.naturellement-gourmand.com\/index.php?rest_route=\/wp\/v2\/users\/1"}],"replies":[{"embeddable":true,"href":"https:\/\/www.naturellement-gourmand.com\/index.php?rest_route=%2Fwp%2Fv2%2Fcomments&post=9"}],"version-history":[{"count":18,"href":"https:\/\/www.naturellement-gourmand.com\/index.php?rest_route=\/wp\/v2\/pages\/9\/revisions"}],"predecessor-version":[{"id":731,"href":"https:\/\/www.naturellement-gourmand.com\/index.php?rest_route=\/wp\/v2\/pages\/9\/revisions\/731"}],"wp:attachment":[{"href":"https:\/\/www.naturellement-gourmand.com\/index.php?rest_route=%2Fwp%2Fv2%2Fmedia&parent=9"}],"curies":[{"name":"wp","href":"https:\/\/api.w.org\/{rel}","templated":true}]}}